{"id":16465,"date":"2026-03-16T14:11:59","date_gmt":"2026-03-16T14:11:59","guid":{"rendered":"https:\/\/codewebbarcelona.com\/sobre-code\/"},"modified":"2026-04-20T11:15:14","modified_gmt":"2026-04-20T11:15:14","slug":"sobre-code","status":"publish","type":"page","link":"https:\/\/codewebbarcelona.com\/ca\/sobre-code\/","title":{"rendered":"Sobre Code"},"content":{"rendered":"","protected":false},"excerpt":{"rendered":"","protected":false},"author":1,"featured_media":0,"parent":0,"menu_order":0,"comment_status":"closed","ping_status":"closed","template":"","meta":{"_acf_changed":false,"footnotes":""},"class_list":["post-16465","page","type-page","status-publish","hentry"],"acf":[],"yoast_head":"<!-- This site is optimized with the Yoast SEO plugin v27.2 - https:\/\/yoast.com\/product\/yoast-seo-wordpress\/ -->\n<title>Code Barcelona - Enfocament i filosofia de treball<\/title>\n<meta name=\"description\" content=\"La nostra manera d\u2019entendre el disseny digital: intenci\u00f3, estructura i continu\u00eftat. Descobreix qu\u00e8 defineix Code Barcelona i com abordem cada projecte.\" \/>\n<meta name=\"robots\" content=\"index, follow, max-snippet:-1, max-image-preview:large, max-video-preview:-1\" \/>\n<link rel=\"canonical\" href=\"https:\/\/codewebbarcelona.com\/ca\/sobre-code\/\" \/>\n<meta property=\"og:locale\" content=\"ca_ES\" \/>\n<meta property=\"og:type\" content=\"article\" \/>\n<meta property=\"og:title\" content=\"Code Barcelona - Enfocament i filosofia de treball\" \/>\n<meta property=\"og:description\" content=\"La nostra manera d\u2019entendre el disseny digital: intenci\u00f3, estructura i continu\u00eftat. Descobreix qu\u00e8 defineix Code Barcelona i com abordem cada projecte.\" \/>\n<meta property=\"og:url\" content=\"https:\/\/codewebbarcelona.com\/ca\/sobre-code\/\" \/>\n<meta property=\"og:site_name\" content=\"Code Barcelona\" \/>\n<meta property=\"article:modified_time\" content=\"2026-04-20T11:15:14+00:00\" \/>\n<meta name=\"twitter:card\" content=\"summary_large_image\" \/>\n<script type=\"application\/ld+json\" class=\"yoast-schema-graph\">{\"@context\":\"https:\/\/schema.org\",\"@graph\":[{\"@type\":\"WebPage\",\"@id\":\"https:\/\/codewebbarcelona.com\/ca\/sobre-code\/\",\"url\":\"https:\/\/codewebbarcelona.com\/ca\/sobre-code\/\",\"name\":\"Code Barcelona - Enfocament i filosofia de treball\",\"isPartOf\":{\"@id\":\"https:\/\/codewebbarcelona.com\/ca\/#website\"},\"datePublished\":\"2026-03-16T14:11:59+00:00\",\"dateModified\":\"2026-04-20T11:15:14+00:00\",\"description\":\"La nostra manera d\u2019entendre el disseny digital: intenci\u00f3, estructura i continu\u00eftat. Descobreix qu\u00e8 defineix Code Barcelona i com abordem cada projecte.\",\"inLanguage\":\"ca\",\"potentialAction\":[{\"@type\":\"ReadAction\",\"target\":[\"https:\/\/codewebbarcelona.com\/ca\/sobre-code\/\"]}]},{\"@type\":\"WebSite\",\"@id\":\"https:\/\/codewebbarcelona.com\/ca\/#website\",\"url\":\"https:\/\/codewebbarcelona.com\/ca\/\",\"name\":\"Code Barcelona\",\"description\":\"\",\"potentialAction\":[{\"@type\":\"SearchAction\",\"target\":{\"@type\":\"EntryPoint\",\"urlTemplate\":\"https:\/\/codewebbarcelona.com\/ca\/?s={search_term_string}\"},\"query-input\":{\"@type\":\"PropertyValueSpecification\",\"valueRequired\":true,\"valueName\":\"search_term_string\"}}],\"inLanguage\":\"ca\"}]}<\/script>\n<!-- \/ Yoast SEO plugin. -->","yoast_head_json":{"title":"Code Barcelona - Enfocament i filosofia de treball","description":"La nostra manera d\u2019entendre el disseny digital: intenci\u00f3, estructura i continu\u00eftat. Descobreix qu\u00e8 defineix Code Barcelona i com abordem cada projecte.","robots":{"index":"index","follow":"follow","max-snippet":"max-snippet:-1","max-image-preview":"max-image-preview:large","max-video-preview":"max-video-preview:-1"},"canonical":"https:\/\/codewebbarcelona.com\/ca\/sobre-code\/","og_locale":"ca_ES","og_type":"article","og_title":"Code Barcelona - Enfocament i filosofia de treball","og_description":"La nostra manera d\u2019entendre el disseny digital: intenci\u00f3, estructura i continu\u00eftat. Descobreix qu\u00e8 defineix Code Barcelona i com abordem cada projecte.","og_url":"https:\/\/codewebbarcelona.com\/ca\/sobre-code\/","og_site_name":"Code Barcelona","article_modified_time":"2026-04-20T11:15:14+00:00","twitter_card":"summary_large_image","schema":{"@context":"https:\/\/schema.org","@graph":[{"@type":"WebPage","@id":"https:\/\/codewebbarcelona.com\/ca\/sobre-code\/","url":"https:\/\/codewebbarcelona.com\/ca\/sobre-code\/","name":"Code Barcelona - Enfocament i filosofia de treball","isPartOf":{"@id":"https:\/\/codewebbarcelona.com\/ca\/#website"},"datePublished":"2026-03-16T14:11:59+00:00","dateModified":"2026-04-20T11:15:14+00:00","description":"La nostra manera d\u2019entendre el disseny digital: intenci\u00f3, estructura i continu\u00eftat. Descobreix qu\u00e8 defineix Code Barcelona i com abordem cada projecte.","inLanguage":"ca","potentialAction":[{"@type":"ReadAction","target":["https:\/\/codewebbarcelona.com\/ca\/sobre-code\/"]}]},{"@type":"WebSite","@id":"https:\/\/codewebbarcelona.com\/ca\/#website","url":"https:\/\/codewebbarcelona.com\/ca\/","name":"Code Barcelona","description":"","potentialAction":[{"@type":"SearchAction","target":{"@type":"EntryPoint","urlTemplate":"https:\/\/codewebbarcelona.com\/ca\/?s={search_term_string}"},"query-input":{"@type":"PropertyValueSpecification","valueRequired":true,"valueName":"search_term_string"}}],"inLanguage":"ca"}]}},"_links":{"self":[{"href":"https:\/\/codewebbarcelona.com\/ca\/wp-json\/wp\/v2\/pages\/16465","targetHints":{"allow":["GET"]}}],"collection":[{"href":"https:\/\/codewebbarcelona.com\/ca\/wp-json\/wp\/v2\/pages"}],"about":[{"href":"https:\/\/codewebbarcelona.com\/ca\/wp-json\/wp\/v2\/types\/page"}],"author":[{"embeddable":true,"href":"https:\/\/codewebbarcelona.com\/ca\/wp-json\/wp\/v2\/users\/1"}],"replies":[{"embeddable":true,"href":"https:\/\/codewebbarcelona.com\/ca\/wp-json\/wp\/v2\/comments?post=16465"}],"version-history":[{"count":1,"href":"https:\/\/codewebbarcelona.com\/ca\/wp-json\/wp\/v2\/pages\/16465\/revisions"}],"predecessor-version":[{"id":16468,"href":"https:\/\/codewebbarcelona.com\/ca\/wp-json\/wp\/v2\/pages\/16465\/revisions\/16468"}],"wp:attachment":[{"href":"https:\/\/codewebbarcelona.com\/ca\/wp-json\/wp\/v2\/media?parent=16465"}],"curies":[{"name":"wp","href":"https:\/\/api.w.org\/{rel}","templated":true}]}}