{"id":16463,"date":"2026-03-18T17:27:21","date_gmt":"2026-03-18T17:27:21","guid":{"rendered":"https:\/\/codewebbarcelona.com\/servicios\/"},"modified":"2026-04-20T13:44:29","modified_gmt":"2026-04-20T13:44:29","slug":"serveis","status":"publish","type":"page","link":"https:\/\/codewebbarcelona.com\/ca\/serveis\/","title":{"rendered":"Serveis"},"content":{"rendered":"","protected":false},"excerpt":{"rendered":"","protected":false},"author":1,"featured_media":0,"parent":0,"menu_order":0,"comment_status":"closed","ping_status":"closed","template":"","meta":{"_acf_changed":false,"footnotes":""},"class_list":["post-16463","page","type-page","status-publish","hentry"],"acf":[],"yoast_head":"<!-- This site is optimized with the Yoast SEO plugin v27.2 - https:\/\/yoast.com\/product\/yoast-seo-wordpress\/ -->\n<title>Code Barcelona - Serveis - Disseny i desenvolupament web - Disseny gr\u00e0fic<\/title>\n<meta name=\"description\" content=\"Serveis que oferim a Code Barcelona. Disseny i desenvolupament web, disseny gr\u00e0fic. Disseny de p\u00e0gines web, logotips, cat\u00e0legs, email m\u00e0rqueting, branding i identitat corporativa.\" \/>\n<meta name=\"robots\" content=\"index, follow, max-snippet:-1, max-image-preview:large, max-video-preview:-1\" \/>\n<link rel=\"canonical\" href=\"https:\/\/codewebbarcelona.com\/ca\/serveis\/\" \/>\n<meta property=\"og:locale\" content=\"ca_ES\" \/>\n<meta property=\"og:type\" content=\"article\" \/>\n<meta property=\"og:title\" content=\"Code Barcelona - Serveis - Disseny i desenvolupament web - Disseny gr\u00e0fic\" \/>\n<meta property=\"og:description\" content=\"Serveis que oferim a Code Barcelona. Disseny i desenvolupament web, disseny gr\u00e0fic. Disseny de p\u00e0gines web, logotips, cat\u00e0legs, email m\u00e0rqueting, branding i identitat corporativa.\" \/>\n<meta property=\"og:url\" content=\"https:\/\/codewebbarcelona.com\/ca\/serveis\/\" \/>\n<meta property=\"og:site_name\" content=\"Code Barcelona\" \/>\n<meta property=\"article:modified_time\" content=\"2026-04-20T13:44:29+00:00\" \/>\n<meta name=\"twitter:card\" content=\"summary_large_image\" \/>\n<script type=\"application\/ld+json\" class=\"yoast-schema-graph\">{\"@context\":\"https:\/\/schema.org\",\"@graph\":[{\"@type\":\"WebPage\",\"@id\":\"https:\/\/codewebbarcelona.com\/ca\/serveis\/\",\"url\":\"https:\/\/codewebbarcelona.com\/ca\/serveis\/\",\"name\":\"Code Barcelona - Serveis - Disseny i desenvolupament web - Disseny gr\u00e0fic\",\"isPartOf\":{\"@id\":\"https:\/\/codewebbarcelona.com\/ca\/#website\"},\"datePublished\":\"2026-03-18T17:27:21+00:00\",\"dateModified\":\"2026-04-20T13:44:29+00:00\",\"description\":\"Serveis que oferim a Code Barcelona. Disseny i desenvolupament web, disseny gr\u00e0fic. Disseny de p\u00e0gines web, logotips, cat\u00e0legs, email m\u00e0rqueting, branding i identitat corporativa.\",\"inLanguage\":\"ca\",\"potentialAction\":[{\"@type\":\"ReadAction\",\"target\":[\"https:\/\/codewebbarcelona.com\/ca\/serveis\/\"]}]},{\"@type\":\"WebSite\",\"@id\":\"https:\/\/codewebbarcelona.com\/ca\/#website\",\"url\":\"https:\/\/codewebbarcelona.com\/ca\/\",\"name\":\"Code Barcelona\",\"description\":\"\",\"potentialAction\":[{\"@type\":\"SearchAction\",\"target\":{\"@type\":\"EntryPoint\",\"urlTemplate\":\"https:\/\/codewebbarcelona.com\/ca\/?s={search_term_string}\"},\"query-input\":{\"@type\":\"PropertyValueSpecification\",\"valueRequired\":true,\"valueName\":\"search_term_string\"}}],\"inLanguage\":\"ca\"}]}<\/script>\n<!-- \/ Yoast SEO plugin. -->","yoast_head_json":{"title":"Code Barcelona - Serveis - Disseny i desenvolupament web - Disseny gr\u00e0fic","description":"Serveis que oferim a Code Barcelona. Disseny i desenvolupament web, disseny gr\u00e0fic. Disseny de p\u00e0gines web, logotips, cat\u00e0legs, email m\u00e0rqueting, branding i identitat corporativa.","robots":{"index":"index","follow":"follow","max-snippet":"max-snippet:-1","max-image-preview":"max-image-preview:large","max-video-preview":"max-video-preview:-1"},"canonical":"https:\/\/codewebbarcelona.com\/ca\/serveis\/","og_locale":"ca_ES","og_type":"article","og_title":"Code Barcelona - Serveis - Disseny i desenvolupament web - Disseny gr\u00e0fic","og_description":"Serveis que oferim a Code Barcelona. Disseny i desenvolupament web, disseny gr\u00e0fic. Disseny de p\u00e0gines web, logotips, cat\u00e0legs, email m\u00e0rqueting, branding i identitat corporativa.","og_url":"https:\/\/codewebbarcelona.com\/ca\/serveis\/","og_site_name":"Code Barcelona","article_modified_time":"2026-04-20T13:44:29+00:00","twitter_card":"summary_large_image","schema":{"@context":"https:\/\/schema.org","@graph":[{"@type":"WebPage","@id":"https:\/\/codewebbarcelona.com\/ca\/serveis\/","url":"https:\/\/codewebbarcelona.com\/ca\/serveis\/","name":"Code Barcelona - Serveis - Disseny i desenvolupament web - Disseny gr\u00e0fic","isPartOf":{"@id":"https:\/\/codewebbarcelona.com\/ca\/#website"},"datePublished":"2026-03-18T17:27:21+00:00","dateModified":"2026-04-20T13:44:29+00:00","description":"Serveis que oferim a Code Barcelona. Disseny i desenvolupament web, disseny gr\u00e0fic. Disseny de p\u00e0gines web, logotips, cat\u00e0legs, email m\u00e0rqueting, branding i identitat corporativa.","inLanguage":"ca","potentialAction":[{"@type":"ReadAction","target":["https:\/\/codewebbarcelona.com\/ca\/serveis\/"]}]},{"@type":"WebSite","@id":"https:\/\/codewebbarcelona.com\/ca\/#website","url":"https:\/\/codewebbarcelona.com\/ca\/","name":"Code Barcelona","description":"","potentialAction":[{"@type":"SearchAction","target":{"@type":"EntryPoint","urlTemplate":"https:\/\/codewebbarcelona.com\/ca\/?s={search_term_string}"},"query-input":{"@type":"PropertyValueSpecification","valueRequired":true,"valueName":"search_term_string"}}],"inLanguage":"ca"}]}},"_links":{"self":[{"href":"https:\/\/codewebbarcelona.com\/ca\/wp-json\/wp\/v2\/pages\/16463","targetHints":{"allow":["GET"]}}],"collection":[{"href":"https:\/\/codewebbarcelona.com\/ca\/wp-json\/wp\/v2\/pages"}],"about":[{"href":"https:\/\/codewebbarcelona.com\/ca\/wp-json\/wp\/v2\/types\/page"}],"author":[{"embeddable":true,"href":"https:\/\/codewebbarcelona.com\/ca\/wp-json\/wp\/v2\/users\/1"}],"replies":[{"embeddable":true,"href":"https:\/\/codewebbarcelona.com\/ca\/wp-json\/wp\/v2\/comments?post=16463"}],"version-history":[{"count":2,"href":"https:\/\/codewebbarcelona.com\/ca\/wp-json\/wp\/v2\/pages\/16463\/revisions"}],"predecessor-version":[{"id":16543,"href":"https:\/\/codewebbarcelona.com\/ca\/wp-json\/wp\/v2\/pages\/16463\/revisions\/16543"}],"wp:attachment":[{"href":"https:\/\/codewebbarcelona.com\/ca\/wp-json\/wp\/v2\/media?parent=16463"}],"curies":[{"name":"wp","href":"https:\/\/api.w.org\/{rel}","templated":true}]}}