{"id":16461,"date":"2026-03-18T17:27:21","date_gmt":"2026-03-18T17:27:21","guid":{"rendered":"https:\/\/codewebbarcelona.com\/proyectos\/"},"modified":"2026-04-20T13:44:24","modified_gmt":"2026-04-20T13:44:24","slug":"projectes","status":"publish","type":"page","link":"https:\/\/codewebbarcelona.com\/ca\/projectes\/","title":{"rendered":"Projectes"},"content":{"rendered":"","protected":false},"excerpt":{"rendered":"","protected":false},"author":1,"featured_media":0,"parent":0,"menu_order":0,"comment_status":"closed","ping_status":"closed","template":"","meta":{"_acf_changed":false,"footnotes":""},"class_list":["post-16461","page","type-page","status-publish","hentry"],"acf":[],"yoast_head":"<!-- This site is optimized with the Yoast SEO plugin v27.2 - https:\/\/yoast.com\/product\/yoast-seo-wordpress\/ -->\n<title>Code Barcelona - Nuestros proyectos de dise\u00f1o y desarrollo web<\/title>\n<meta name=\"description\" content=\"Nuestro portfolio de trabajos de dise\u00f1o gr\u00e1fico y dise\u00f1o web. P\u00e1ginas web, logotipos, packaging, identidad corporativa, branding, tarjetas\" \/>\n<meta name=\"robots\" content=\"index, follow, max-snippet:-1, max-image-preview:large, max-video-preview:-1\" \/>\n<link rel=\"canonical\" href=\"https:\/\/codewebbarcelona.com\/ca\/projectes\/\" \/>\n<meta property=\"og:locale\" content=\"ca_ES\" \/>\n<meta property=\"og:type\" content=\"article\" \/>\n<meta property=\"og:title\" content=\"Code Barcelona - Nuestros proyectos de dise\u00f1o y desarrollo web\" \/>\n<meta property=\"og:description\" content=\"Nuestro portfolio de trabajos de dise\u00f1o gr\u00e1fico y dise\u00f1o web. P\u00e1ginas web, logotipos, packaging, identidad corporativa, branding, tarjetas\" \/>\n<meta property=\"og:url\" content=\"https:\/\/codewebbarcelona.com\/ca\/projectes\/\" \/>\n<meta property=\"og:site_name\" content=\"Code Barcelona\" \/>\n<meta property=\"article:modified_time\" content=\"2026-04-20T13:44:24+00:00\" \/>\n<meta name=\"twitter:card\" content=\"summary_large_image\" \/>\n<script type=\"application\/ld+json\" class=\"yoast-schema-graph\">{\"@context\":\"https:\/\/schema.org\",\"@graph\":[{\"@type\":\"WebPage\",\"@id\":\"https:\/\/codewebbarcelona.com\/ca\/projectes\/\",\"url\":\"https:\/\/codewebbarcelona.com\/ca\/projectes\/\",\"name\":\"Code Barcelona - Nuestros proyectos de dise\u00f1o y desarrollo web\",\"isPartOf\":{\"@id\":\"https:\/\/codewebbarcelona.com\/ca\/#website\"},\"datePublished\":\"2026-03-18T17:27:21+00:00\",\"dateModified\":\"2026-04-20T13:44:24+00:00\",\"description\":\"Nuestro portfolio de trabajos de dise\u00f1o gr\u00e1fico y dise\u00f1o web. P\u00e1ginas web, logotipos, packaging, identidad corporativa, branding, tarjetas\",\"inLanguage\":\"ca\",\"potentialAction\":[{\"@type\":\"ReadAction\",\"target\":[\"https:\/\/codewebbarcelona.com\/ca\/projectes\/\"]}]},{\"@type\":\"WebSite\",\"@id\":\"https:\/\/codewebbarcelona.com\/ca\/#website\",\"url\":\"https:\/\/codewebbarcelona.com\/ca\/\",\"name\":\"Code Barcelona\",\"description\":\"\",\"potentialAction\":[{\"@type\":\"SearchAction\",\"target\":{\"@type\":\"EntryPoint\",\"urlTemplate\":\"https:\/\/codewebbarcelona.com\/ca\/?s={search_term_string}\"},\"query-input\":{\"@type\":\"PropertyValueSpecification\",\"valueRequired\":true,\"valueName\":\"search_term_string\"}}],\"inLanguage\":\"ca\"}]}<\/script>\n<!-- \/ Yoast SEO plugin. -->","yoast_head_json":{"title":"Code Barcelona - Nuestros proyectos de dise\u00f1o y desarrollo web","description":"Nuestro portfolio de trabajos de dise\u00f1o gr\u00e1fico y dise\u00f1o web. P\u00e1ginas web, logotipos, packaging, identidad corporativa, branding, tarjetas","robots":{"index":"index","follow":"follow","max-snippet":"max-snippet:-1","max-image-preview":"max-image-preview:large","max-video-preview":"max-video-preview:-1"},"canonical":"https:\/\/codewebbarcelona.com\/ca\/projectes\/","og_locale":"ca_ES","og_type":"article","og_title":"Code Barcelona - Nuestros proyectos de dise\u00f1o y desarrollo web","og_description":"Nuestro portfolio de trabajos de dise\u00f1o gr\u00e1fico y dise\u00f1o web. P\u00e1ginas web, logotipos, packaging, identidad corporativa, branding, tarjetas","og_url":"https:\/\/codewebbarcelona.com\/ca\/projectes\/","og_site_name":"Code Barcelona","article_modified_time":"2026-04-20T13:44:24+00:00","twitter_card":"summary_large_image","schema":{"@context":"https:\/\/schema.org","@graph":[{"@type":"WebPage","@id":"https:\/\/codewebbarcelona.com\/ca\/projectes\/","url":"https:\/\/codewebbarcelona.com\/ca\/projectes\/","name":"Code Barcelona - Nuestros proyectos de dise\u00f1o y desarrollo web","isPartOf":{"@id":"https:\/\/codewebbarcelona.com\/ca\/#website"},"datePublished":"2026-03-18T17:27:21+00:00","dateModified":"2026-04-20T13:44:24+00:00","description":"Nuestro portfolio de trabajos de dise\u00f1o gr\u00e1fico y dise\u00f1o web. P\u00e1ginas web, logotipos, packaging, identidad corporativa, branding, tarjetas","inLanguage":"ca","potentialAction":[{"@type":"ReadAction","target":["https:\/\/codewebbarcelona.com\/ca\/projectes\/"]}]},{"@type":"WebSite","@id":"https:\/\/codewebbarcelona.com\/ca\/#website","url":"https:\/\/codewebbarcelona.com\/ca\/","name":"Code Barcelona","description":"","potentialAction":[{"@type":"SearchAction","target":{"@type":"EntryPoint","urlTemplate":"https:\/\/codewebbarcelona.com\/ca\/?s={search_term_string}"},"query-input":{"@type":"PropertyValueSpecification","valueRequired":true,"valueName":"search_term_string"}}],"inLanguage":"ca"}]}},"_links":{"self":[{"href":"https:\/\/codewebbarcelona.com\/ca\/wp-json\/wp\/v2\/pages\/16461","targetHints":{"allow":["GET"]}}],"collection":[{"href":"https:\/\/codewebbarcelona.com\/ca\/wp-json\/wp\/v2\/pages"}],"about":[{"href":"https:\/\/codewebbarcelona.com\/ca\/wp-json\/wp\/v2\/types\/page"}],"author":[{"embeddable":true,"href":"https:\/\/codewebbarcelona.com\/ca\/wp-json\/wp\/v2\/users\/1"}],"replies":[{"embeddable":true,"href":"https:\/\/codewebbarcelona.com\/ca\/wp-json\/wp\/v2\/comments?post=16461"}],"version-history":[{"count":1,"href":"https:\/\/codewebbarcelona.com\/ca\/wp-json\/wp\/v2\/pages\/16461\/revisions"}],"predecessor-version":[{"id":16462,"href":"https:\/\/codewebbarcelona.com\/ca\/wp-json\/wp\/v2\/pages\/16461\/revisions\/16462"}],"wp:attachment":[{"href":"https:\/\/codewebbarcelona.com\/ca\/wp-json\/wp\/v2\/media?parent=16461"}],"curies":[{"name":"wp","href":"https:\/\/api.w.org\/{rel}","templated":true}]}}