{"id":16455,"date":"2023-03-24T06:34:26","date_gmt":"2023-03-24T06:34:26","guid":{"rendered":"https:\/\/codewebbarcelona.com\/politica-privacidad\/"},"modified":"2026-04-20T13:44:07","modified_gmt":"2026-04-20T13:44:07","slug":"politica-privacitat","status":"publish","type":"page","link":"https:\/\/codewebbarcelona.com\/ca\/politica-privacitat\/","title":{"rendered":"Pol\u00edtica de privacitat"},"content":{"rendered":"<h4>Informaci\u00f3 general<\/h4>\n<p>En compliment de la normativa vigent en mat\u00e8ria de protecci\u00f3 de dades, s\u2019informa que aquest lloc web recull i tracta dades personals sota la responsabilitat de Code Barcelona (d\u2019ara endavant, el \u201cResponsable\u201d).<\/p>\n<p>L\u2019acc\u00e9s i \u00fas del Lloc Web implica que l\u2019Usuari ha llegit i accepta aquesta Pol\u00edtica de Privadesa.<\/p>\n<h4>Responsable del tractament<\/h4>\n<p>El responsable del tractament de les dades personals \u00e9s Code Barcelona (d\u2019ara endavant, el \u201cResponsable\u201d).<\/p>\n<p>Per a qualsevol consulta relacionada amb el tractament de dades personals, l\u2019Usuari pot contactar amb el Responsable a trav\u00e9s dels canals habilitats al Lloc Web.<\/p>\n<h4>Dades que es recullen<\/h4>\n<p>El Responsable pot recollir i tractar les seg\u00fcents dades personals:<\/p>\n<ul>\n<li>Dades identificatives (nom, empresa, etc.)<\/li>\n<li>Dades de contacte (correu electr\u00f2nic, tel\u00e8fon)<\/li>\n<li>Informaci\u00f3 facilitada per l\u2019Usuari mitjan\u00e7ant formularis<\/li>\n<li>Dades de navegaci\u00f3 i \u00fas del Lloc Web<\/li>\n<\/ul>\n<h4>Finalitat del tractament<\/h4>\n<p>Les dades personals de l\u2019Usuari podran ser tractades amb les seg\u00fcents finalitats:<\/p>\n<ul>\n<li>Atendre sol\u00b7licituds d\u2019informaci\u00f3 o de contacte<\/li>\n<li>Gestionar la relaci\u00f3 comercial o professional<\/li>\n<li>Millorar l\u2019experi\u00e8ncia de navegaci\u00f3 i els serveis oferts<\/li>\n<li>Enviar comunicacions relacionades amb els serveis, quan correspongui<\/li>\n<\/ul>\n<h4>Legitimaci\u00f3<\/h4>\n<p>El tractament de les dades es basa en el consentiment de l\u2019Usuari, aix\u00ed com en l\u2019execuci\u00f3 d\u2019una relaci\u00f3 contractual o precontractual quan sigui necessari.<\/p>\n<h4>Conservaci\u00f3 de les dades<\/h4>\n<p>Les dades personals es conservaran durant el temps necessari per complir amb la finalitat per la qual van ser recollides i per determinar possibles responsabilitats que se\u2019n puguin derivar.<\/p>\n<h4>Destinataris<\/h4>\n<p>Les dades no seran cedides a tercers, excepte obligaci\u00f3 legal o quan sigui necessari per a la prestaci\u00f3 de serveis relacionats amb l\u2019activitat del Responsable.<\/p>\n<h4>Drets de l\u2019usuari<\/h4>\n<p>L\u2019Usuari pot exercir els seus drets d\u2019acc\u00e9s, rectificaci\u00f3, supressi\u00f3, oposici\u00f3, limitaci\u00f3 del tractament i portabilitat de les seves dades mitjan\u00e7ant una sol\u00b7licitud adre\u00e7ada al Responsable a trav\u00e9s dels canals de contacte habilitats al Lloc Web.<\/p>\n<h4>Seguretat<\/h4>\n<p>El Responsable adopta les mesures t\u00e8cniques i organitzatives necess\u00e0ries per garantir la seguretat i integritat de les dades personals, evitant-ne la p\u00e8rdua, alteraci\u00f3 o acc\u00e9s no autoritzat.<\/p>\n<h4>Canvis en la pol\u00edtica de privadesa<\/h4>\n<p>El Responsable es reserva el dret de modificar aquesta Pol\u00edtica de Privadesa per adaptar-la a possibles canvis legislatius o modificacions al Lloc Web.<\/p>\n","protected":false},"excerpt":{"rendered":"<p>Informaci\u00f3 general En compliment de la normativa vigent en mat\u00e8ria de protecci\u00f3 de dades, s\u2019informa que aquest lloc web recull i tracta dades personals sota la responsabilitat de Code Barcelona (d\u2019ara endavant, el \u201cResponsable\u201d). L\u2019acc\u00e9s i \u00fas del Lloc Web implica que l\u2019Usuari ha llegit i accepta aquesta Pol\u00edtica de Privadesa. Responsable del tractament El [&hellip;]<\/p>\n","protected":false},"author":1,"featured_media":0,"parent":0,"menu_order":0,"comment_status":"closed","ping_status":"closed","template":"page-blank.php","meta":{"_acf_changed":false,"footnotes":""},"class_list":["post-16455","page","type-page","status-publish","hentry"],"acf":[],"yoast_head":"<!-- This site is optimized with the Yoast SEO plugin v27.2 - https:\/\/yoast.com\/product\/yoast-seo-wordpress\/ -->\n<title>Pol\u00edtica de privacitat - Code Barcelona<\/title>\n<meta name=\"robots\" content=\"index, follow, max-snippet:-1, max-image-preview:large, max-video-preview:-1\" \/>\n<link rel=\"canonical\" href=\"https:\/\/codewebbarcelona.com\/ca\/politica-privacitat\/\" \/>\n<meta property=\"og:locale\" content=\"ca_ES\" \/>\n<meta property=\"og:type\" content=\"article\" \/>\n<meta property=\"og:title\" content=\"Pol\u00edtica de privacitat - Code Barcelona\" \/>\n<meta property=\"og:description\" content=\"Informaci\u00f3 general En compliment de la normativa vigent en mat\u00e8ria de protecci\u00f3 de dades, s\u2019informa que aquest lloc web recull i tracta dades personals sota la responsabilitat de Code Barcelona (d\u2019ara endavant, el \u201cResponsable\u201d). L\u2019acc\u00e9s i \u00fas del Lloc Web implica que l\u2019Usuari ha llegit i accepta aquesta Pol\u00edtica de Privadesa. Responsable del tractament El [&hellip;]\" \/>\n<meta property=\"og:url\" content=\"https:\/\/codewebbarcelona.com\/ca\/politica-privacitat\/\" \/>\n<meta property=\"og:site_name\" content=\"Code Barcelona\" \/>\n<meta property=\"article:modified_time\" content=\"2026-04-20T13:44:07+00:00\" \/>\n<meta name=\"twitter:card\" content=\"summary_large_image\" \/>\n<meta name=\"twitter:label1\" content=\"Temps estimat de lectura\" \/>\n\t<meta name=\"twitter:data1\" content=\"2 minuts\" \/>\n<script type=\"application\/ld+json\" class=\"yoast-schema-graph\">{\"@context\":\"https:\/\/schema.org\",\"@graph\":[{\"@type\":\"WebPage\",\"@id\":\"https:\/\/codewebbarcelona.com\/ca\/politica-privacitat\/\",\"url\":\"https:\/\/codewebbarcelona.com\/ca\/politica-privacitat\/\",\"name\":\"Pol\u00edtica de privacitat - Code Barcelona\",\"isPartOf\":{\"@id\":\"https:\/\/codewebbarcelona.com\/ca\/#website\"},\"datePublished\":\"2023-03-24T06:34:26+00:00\",\"dateModified\":\"2026-04-20T13:44:07+00:00\",\"inLanguage\":\"ca\",\"potentialAction\":[{\"@type\":\"ReadAction\",\"target\":[\"https:\/\/codewebbarcelona.com\/ca\/politica-privacitat\/\"]}]},{\"@type\":\"WebSite\",\"@id\":\"https:\/\/codewebbarcelona.com\/ca\/#website\",\"url\":\"https:\/\/codewebbarcelona.com\/ca\/\",\"name\":\"Code Barcelona\",\"description\":\"\",\"potentialAction\":[{\"@type\":\"SearchAction\",\"target\":{\"@type\":\"EntryPoint\",\"urlTemplate\":\"https:\/\/codewebbarcelona.com\/ca\/?s={search_term_string}\"},\"query-input\":{\"@type\":\"PropertyValueSpecification\",\"valueRequired\":true,\"valueName\":\"search_term_string\"}}],\"inLanguage\":\"ca\"}]}<\/script>\n<!-- \/ Yoast SEO plugin. -->","yoast_head_json":{"title":"Pol\u00edtica de privacitat - Code Barcelona","robots":{"index":"index","follow":"follow","max-snippet":"max-snippet:-1","max-image-preview":"max-image-preview:large","max-video-preview":"max-video-preview:-1"},"canonical":"https:\/\/codewebbarcelona.com\/ca\/politica-privacitat\/","og_locale":"ca_ES","og_type":"article","og_title":"Pol\u00edtica de privacitat - Code Barcelona","og_description":"Informaci\u00f3 general En compliment de la normativa vigent en mat\u00e8ria de protecci\u00f3 de dades, s\u2019informa que aquest lloc web recull i tracta dades personals sota la responsabilitat de Code Barcelona (d\u2019ara endavant, el \u201cResponsable\u201d). L\u2019acc\u00e9s i \u00fas del Lloc Web implica que l\u2019Usuari ha llegit i accepta aquesta Pol\u00edtica de Privadesa. Responsable del tractament El [&hellip;]","og_url":"https:\/\/codewebbarcelona.com\/ca\/politica-privacitat\/","og_site_name":"Code Barcelona","article_modified_time":"2026-04-20T13:44:07+00:00","twitter_card":"summary_large_image","twitter_misc":{"Temps estimat de lectura":"2 minuts"},"schema":{"@context":"https:\/\/schema.org","@graph":[{"@type":"WebPage","@id":"https:\/\/codewebbarcelona.com\/ca\/politica-privacitat\/","url":"https:\/\/codewebbarcelona.com\/ca\/politica-privacitat\/","name":"Pol\u00edtica de privacitat - Code Barcelona","isPartOf":{"@id":"https:\/\/codewebbarcelona.com\/ca\/#website"},"datePublished":"2023-03-24T06:34:26+00:00","dateModified":"2026-04-20T13:44:07+00:00","inLanguage":"ca","potentialAction":[{"@type":"ReadAction","target":["https:\/\/codewebbarcelona.com\/ca\/politica-privacitat\/"]}]},{"@type":"WebSite","@id":"https:\/\/codewebbarcelona.com\/ca\/#website","url":"https:\/\/codewebbarcelona.com\/ca\/","name":"Code Barcelona","description":"","potentialAction":[{"@type":"SearchAction","target":{"@type":"EntryPoint","urlTemplate":"https:\/\/codewebbarcelona.com\/ca\/?s={search_term_string}"},"query-input":{"@type":"PropertyValueSpecification","valueRequired":true,"valueName":"search_term_string"}}],"inLanguage":"ca"}]}},"_links":{"self":[{"href":"https:\/\/codewebbarcelona.com\/ca\/wp-json\/wp\/v2\/pages\/16455","targetHints":{"allow":["GET"]}}],"collection":[{"href":"https:\/\/codewebbarcelona.com\/ca\/wp-json\/wp\/v2\/pages"}],"about":[{"href":"https:\/\/codewebbarcelona.com\/ca\/wp-json\/wp\/v2\/types\/page"}],"author":[{"embeddable":true,"href":"https:\/\/codewebbarcelona.com\/ca\/wp-json\/wp\/v2\/users\/1"}],"replies":[{"embeddable":true,"href":"https:\/\/codewebbarcelona.com\/ca\/wp-json\/wp\/v2\/comments?post=16455"}],"version-history":[{"count":3,"href":"https:\/\/codewebbarcelona.com\/ca\/wp-json\/wp\/v2\/pages\/16455\/revisions"}],"predecessor-version":[{"id":16530,"href":"https:\/\/codewebbarcelona.com\/ca\/wp-json\/wp\/v2\/pages\/16455\/revisions\/16530"}],"wp:attachment":[{"href":"https:\/\/codewebbarcelona.com\/ca\/wp-json\/wp\/v2\/media?parent=16455"}],"curies":[{"name":"wp","href":"https:\/\/api.w.org\/{rel}","templated":true}]}}